{"id":79,"date":"2025-10-13T12:22:46","date_gmt":"2025-10-13T12:22:46","guid":{"rendered":"https:\/\/nrpartners.kcon.io\/?page_id=79"},"modified":"2025-10-13T12:30:32","modified_gmt":"2025-10-13T12:30:32","slug":"79-2","status":"publish","type":"page","link":"https:\/\/nrpartners.kcon.io\/","title":{"rendered":"Willkommen aufder sicherenSeite."},"content":{"rendered":"\n<h3 class=\"wp-block-heading\">Brandschutz,<br>Arbeitnehmer*innenschutz,<br>ganzheitliches Bauen \u2013 kompetente<br>L\u00f6sungen f\u00fcr zeitgem\u00e4\u00dfe Projektideen,<br>vorausschauende Planung und<br>effizienten Bauablauf.<\/h3>\n\n\n\n<p><\/p>\n","protected":false},"excerpt":{"rendered":"<p>Brandschutz,Arbeitnehmer*innenschutz,ganzheitliches Bauen \u2013 kompetenteL\u00f6sungen f\u00fcr zeitgem\u00e4\u00dfe Projektideen,vorausschauende Planung undeffizienten Bauablauf.<\/p>\n","protected":false},"author":1,"featured_media":0,"parent":0,"menu_order":0,"comment_status":"closed","ping_status":"closed","template":"","meta":{"footnotes":""},"class_list":["post-79","page","type-page","status-publish","hentry"],"_links":{"self":[{"href":"https:\/\/nrpartners.kcon.io\/index.php?rest_route=\/wp\/v2\/pages\/79","targetHints":{"allow":["GET"]}}],"collection":[{"href":"https:\/\/nrpartners.kcon.io\/index.php?rest_route=\/wp\/v2\/pages"}],"about":[{"href":"https:\/\/nrpartners.kcon.io\/index.php?rest_route=\/wp\/v2\/types\/page"}],"author":[{"embeddable":true,"href":"https:\/\/nrpartners.kcon.io\/index.php?rest_route=\/wp\/v2\/users\/1"}],"replies":[{"embeddable":true,"href":"https:\/\/nrpartners.kcon.io\/index.php?rest_route=%2Fwp%2Fv2%2Fcomments&post=79"}],"version-history":[{"count":2,"href":"https:\/\/nrpartners.kcon.io\/index.php?rest_route=\/wp\/v2\/pages\/79\/revisions"}],"predecessor-version":[{"id":91,"href":"https:\/\/nrpartners.kcon.io\/index.php?rest_route=\/wp\/v2\/pages\/79\/revisions\/91"}],"wp:attachment":[{"href":"https:\/\/nrpartners.kcon.io\/index.php?rest_route=%2Fwp%2Fv2%2Fmedia&parent=79"}],"curies":[{"name":"wp","href":"https:\/\/api.w.org\/{rel}","templated":true}]}}